{"id":778,"date":"2025-04-11T09:09:35","date_gmt":"2025-04-11T09:09:35","guid":{"rendered":"http:\/\/megajoule.pt\/?page_id=778"},"modified":"2026-02-11T08:48:03","modified_gmt":"2026-02-11T08:48:03","slug":"wind-speed-anomaly-maps","status":"publish","type":"page","link":"https:\/\/megajoule.pt\/pt\/wind-speed-anomaly-maps\/","title":{"rendered":"Velocidade Do Vento Anomalia Mapas"},"content":{"rendered":"<div data-elementor-type=\"wp-page\" data-elementor-id=\"778\" class=\"elementor elementor-778\" data-elementor-post-type=\"page\">\n\t\t\t\t<div data-particle_enable=\"false\" data-particle-mobile-disabled=\"false\" class=\"elementor-element elementor-element-71969f8 e-con-full e-flex e-con e-parent\" data-id=\"71969f8\" data-element_type=\"container\" data-e-type=\"container\" data-settings=\"{&quot;background_background&quot;:&quot;classic&quot;,&quot;shape_divider_bottom&quot;:&quot;mountains&quot;}\">\n\t\t\t\t<div class=\"elementor-shape elementor-shape-bottom\" aria-hidden=\"true\" data-negative=\"false\">\n\t\t\t<svg xmlns=\"http:\/\/www.w3.org\/2000\/svg\" viewbox=\"0 0 1000 100\" preserveaspectratio=\"none\">\n\t<path class=\"elementor-shape-fill\" opacity=\"0.33\" d=\"M473,67.3c-203.9,88.3-263.1-34-320.3,0C66,119.1,0,59.7,0,59.7V0h1000v59.7 c0,0-62.1,26.1-94.9,29.3c-32.8,3.3-62.8-12.3-75.8-22.1C806,49.6,745.3,8.7,694.9,4.7S492.4,59,473,67.3z\"\/>\n\t<path class=\"elementor-shape-fill\" opacity=\"0.66\" d=\"M734,67.3c-45.5,0-77.2-23.2-129.1-39.1c-28.6-8.7-150.3-10.1-254,39.1 s-91.7-34.4-149.2,0C115.7,118.3,0,39.8,0,39.8V0h1000v36.5c0,0-28.2-18.5-92.1-18.5C810.2,18.1,775.7,67.3,734,67.3z\"\/>\n\t<path class=\"elementor-shape-fill\" d=\"M766.1,28.9c-200-57.5-266,65.5-395.1,19.5C242,1.8,242,5.4,184.8,20.6C128,35.8,132.3,44.9,89.9,52.5C28.6,63.7,0,0,0,0 h1000c0,0-9.9,40.9-83.6,48.1S829.6,47,766.1,28.9z\"\/>\n<\/svg>\t\t<\/div>\n\t\t<div data-particle_enable=\"false\" data-particle-mobile-disabled=\"false\" class=\"elementor-element elementor-element-2e2ba5f e-con-full e-flex e-con e-child\" data-id=\"2e2ba5f\" data-element_type=\"container\" data-e-type=\"container\">\n\t\t\t\t<div class=\"elementor-element elementor-element-f3118f4 elementor-widget elementor-widget-heading\" data-id=\"f3118f4\" data-element_type=\"widget\" data-e-type=\"widget\" data-widget_type=\"heading.default\">\n\t\t\t\t<div class=\"elementor-widget-container\">\n\t\t\t\t\t<h2 class=\"elementor-heading-title elementor-size-default\">Velocidade do vento anomalia mapas<\/h2>\t\t\t\t<\/div>\n\t\t\t\t<\/div>\n\t\t\t\t<\/div>\n\t\t\t\t<\/div>\n\t\t<div data-particle_enable=\"false\" data-particle-mobile-disabled=\"false\" class=\"elementor-element elementor-element-a59c0e4 e-con-full e-flex e-con e-parent\" data-id=\"a59c0e4\" data-element_type=\"container\" data-e-type=\"container\" data-settings=\"{&quot;background_background&quot;:&quot;classic&quot;,&quot;shape_divider_top&quot;:&quot;mountains&quot;}\">\n\t\t\t\t<div class=\"elementor-shape elementor-shape-top\" aria-hidden=\"true\" data-negative=\"false\">\n\t\t\t<svg xmlns=\"http:\/\/www.w3.org\/2000\/svg\" viewbox=\"0 0 1000 100\" preserveaspectratio=\"none\">\n\t<path class=\"elementor-shape-fill\" opacity=\"0.33\" d=\"M473,67.3c-203.9,88.3-263.1-34-320.3,0C66,119.1,0,59.7,0,59.7V0h1000v59.7 c0,0-62.1,26.1-94.9,29.3c-32.8,3.3-62.8-12.3-75.8-22.1C806,49.6,745.3,8.7,694.9,4.7S492.4,59,473,67.3z\"\/>\n\t<path class=\"elementor-shape-fill\" opacity=\"0.66\" d=\"M734,67.3c-45.5,0-77.2-23.2-129.1-39.1c-28.6-8.7-150.3-10.1-254,39.1 s-91.7-34.4-149.2,0C115.7,118.3,0,39.8,0,39.8V0h1000v36.5c0,0-28.2-18.5-92.1-18.5C810.2,18.1,775.7,67.3,734,67.3z\"\/>\n\t<path class=\"elementor-shape-fill\" d=\"M766.1,28.9c-200-57.5-266,65.5-395.1,19.5C242,1.8,242,5.4,184.8,20.6C128,35.8,132.3,44.9,89.9,52.5C28.6,63.7,0,0,0,0 h1000c0,0-9.9,40.9-83.6,48.1S829.6,47,766.1,28.9z\"\/>\n<\/svg>\t\t<\/div>\n\t\t<div data-particle_enable=\"false\" data-particle-mobile-disabled=\"false\" class=\"elementor-element elementor-element-75725c1 e-con-full e-flex e-con e-child\" data-id=\"75725c1\" data-element_type=\"container\" data-e-type=\"container\">\n\t\t<div data-particle_enable=\"false\" data-particle-mobile-disabled=\"false\" class=\"elementor-element elementor-element-040384f e-con-full e-flex e-con e-child\" data-id=\"040384f\" data-element_type=\"container\" data-e-type=\"container\">\n\t\t\t\t<div class=\"elementor-element elementor-element-1a2aa3c elementor-widget elementor-widget-text-editor\" data-id=\"1a2aa3c\" data-element_type=\"widget\" data-e-type=\"widget\" data-widget_type=\"text-editor.default\">\n\t\t\t\t<div class=\"elementor-widget-container\">\n\t\t\t\t\t\t\t\t\t<div class=\"wpb_text_column wpb_content_element\"><div class=\"wpb_wrapper\"><p>Abaixo est\u00e3o os mapas do trimestre, anomalia da velocidade do vento com base em MERRA2 de dados para pa\u00edses selecionados. Breve relat\u00f3rios em PDF e isolado imagens. Eles mostram a anomalia entre o terceiro trimestre de 2019 versus longo prazo (10 anos), em m\u00e9dia, o mesmo trimestre.<\/p><\/div><\/div>\t\t\t\t\t\t\t\t<\/div>\n\t\t\t\t<\/div>\n\t\t\t\t<\/div>\n\t\t\t\t<\/div>\n\t\t\t\t<\/div>\n\t\t<div data-particle_enable=\"false\" data-particle-mobile-disabled=\"false\" class=\"elementor-element elementor-element-a4ff329 e-con-full e-flex e-con e-parent\" data-id=\"a4ff329\" data-element_type=\"container\" data-e-type=\"container\" data-settings=\"{&quot;background_background&quot;:&quot;classic&quot;}\">\n\t\t<div data-particle_enable=\"false\" data-particle-mobile-disabled=\"false\" class=\"elementor-element elementor-element-7780366 e-con-full e-flex e-con e-child\" data-id=\"7780366\" data-element_type=\"container\" data-e-type=\"container\">\n\t\t<div data-particle_enable=\"false\" data-particle-mobile-disabled=\"false\" class=\"elementor-element elementor-element-9055588 e-con-full e-flex e-con e-child\" data-id=\"9055588\" data-element_type=\"container\" data-e-type=\"container\">\n\t\t\t\t<div class=\"elementor-element elementor-element-8a3fc1e elementor-widget elementor-widget-image\" data-id=\"8a3fc1e\" data-element_type=\"widget\" data-e-type=\"widget\" data-widget_type=\"image.default\">\n\t\t\t\t<div class=\"elementor-widget-container\">\n\t\t\t\t\t\t\t\t\t\t\t\t\t\t\t<img fetchpriority=\"high\" decoding=\"async\" width=\"240\" height=\"230\" src=\"https:\/\/megajoule.pt\/wp-content\/uploads\/2025\/04\/portugal.GHI_.Q4.2019.jpg\" class=\"attachment-full size-full wp-image-792\" alt=\"\" srcset=\"https:\/\/megajoule.pt\/wp-content\/uploads\/2025\/04\/portugal.GHI_.Q4.2019.jpg 240w, https:\/\/megajoule.pt\/wp-content\/uploads\/2025\/04\/portugal.GHI_.Q4.2019-13x12.jpg 13w\" sizes=\"(max-width: 240px) 100vw, 240px\" \/>\t\t\t\t\t\t\t\t\t\t\t\t\t\t\t<\/div>\n\t\t\t\t<\/div>\n\t\t\t\t<div class=\"elementor-element elementor-element-a87b665 elementor-widget elementor-widget-heading\" data-id=\"a87b665\" data-element_type=\"widget\" data-e-type=\"widget\" data-widget_type=\"heading.default\">\n\t\t\t\t<div class=\"elementor-widget-container\">\n\t\t\t\t\t<h4 class=\"elementor-heading-title elementor-size-default\"><a href=\"https:\/\/megajoule.smartmobilesolution.hr\/wp-content\/uploads\/2025\/04\/ARGENTINA_WSPD_2019_Q4-min.pdf\">Argentina 2019. P4<\/a><\/h4>\t\t\t\t<\/div>\n\t\t\t\t<\/div>\n\t\t\t\t<\/div>\n\t\t<div data-particle_enable=\"false\" data-particle-mobile-disabled=\"false\" class=\"elementor-element elementor-element-a4fd3e2 e-con-full e-flex e-con e-child\" data-id=\"a4fd3e2\" data-element_type=\"container\" data-e-type=\"container\">\n\t\t\t\t<div class=\"elementor-element elementor-element-a5fe9ad elementor-widget elementor-widget-image\" data-id=\"a5fe9ad\" data-element_type=\"widget\" data-e-type=\"widget\" data-widget_type=\"image.default\">\n\t\t\t\t<div class=\"elementor-widget-container\">\n\t\t\t\t\t\t\t\t\t\t\t\t\t\t\t<img decoding=\"async\" width=\"240\" height=\"230\" src=\"https:\/\/megajoule.pt\/wp-content\/uploads\/2025\/04\/brazil.WSPD_.Q4.2019.jpg\" class=\"attachment-full size-full wp-image-787\" alt=\"\" srcset=\"https:\/\/megajoule.pt\/wp-content\/uploads\/2025\/04\/brazil.WSPD_.Q4.2019.jpg 240w, https:\/\/megajoule.pt\/wp-content\/uploads\/2025\/04\/brazil.WSPD_.Q4.2019-13x12.jpg 13w\" sizes=\"(max-width: 240px) 100vw, 240px\" \/>\t\t\t\t\t\t\t\t\t\t\t\t\t\t\t<\/div>\n\t\t\t\t<\/div>\n\t\t\t\t<div class=\"elementor-element elementor-element-1a09ae3 elementor-widget elementor-widget-heading\" data-id=\"1a09ae3\" data-element_type=\"widget\" data-e-type=\"widget\" data-widget_type=\"heading.default\">\n\t\t\t\t<div class=\"elementor-widget-container\">\n\t\t\t\t\t<h4 class=\"elementor-heading-title elementor-size-default\"><a href=\"https:\/\/megajoule.smartmobilesolution.hr\/wp-content\/uploads\/2025\/04\/BRAZIL_WSPD_2019_Q4-min.pdf\">O brasil 2019. P4<\/a><\/h4>\t\t\t\t<\/div>\n\t\t\t\t<\/div>\n\t\t\t\t<\/div>\n\t\t<div data-particle_enable=\"false\" data-particle-mobile-disabled=\"false\" class=\"elementor-element elementor-element-eac246c e-con-full e-flex e-con e-child\" data-id=\"eac246c\" data-element_type=\"container\" data-e-type=\"container\">\n\t\t\t\t<div class=\"elementor-element elementor-element-9a1865a elementor-widget elementor-widget-image\" data-id=\"9a1865a\" data-element_type=\"widget\" data-e-type=\"widget\" data-widget_type=\"image.default\">\n\t\t\t\t<div class=\"elementor-widget-container\">\n\t\t\t\t\t\t\t\t\t\t\t\t\t\t\t<img decoding=\"async\" width=\"240\" height=\"230\" src=\"https:\/\/megajoule.pt\/wp-content\/uploads\/2025\/04\/croatia.WSPD_.Q4.2019.jpg\" class=\"attachment-full size-full wp-image-791\" alt=\"\" srcset=\"https:\/\/megajoule.pt\/wp-content\/uploads\/2025\/04\/croatia.WSPD_.Q4.2019.jpg 240w, https:\/\/megajoule.pt\/wp-content\/uploads\/2025\/04\/croatia.WSPD_.Q4.2019-13x12.jpg 13w\" sizes=\"(max-width: 240px) 100vw, 240px\" \/>\t\t\t\t\t\t\t\t\t\t\t\t\t\t\t<\/div>\n\t\t\t\t<\/div>\n\t\t\t\t<div class=\"elementor-element elementor-element-2da744b elementor-widget elementor-widget-heading\" data-id=\"2da744b\" data-element_type=\"widget\" data-e-type=\"widget\" data-widget_type=\"heading.default\">\n\t\t\t\t<div class=\"elementor-widget-container\">\n\t\t\t\t\t<h4 class=\"elementor-heading-title elementor-size-default\"><a href=\"https:\/\/megajoule.smartmobilesolution.hr\/wp-content\/uploads\/2025\/04\/CROATIA_WSPD_2019_Q4-min.pdf\">A cro\u00e1cia 2019. P4<\/a><\/h4>\t\t\t\t<\/div>\n\t\t\t\t<\/div>\n\t\t\t\t<\/div>\n\t\t\t\t<\/div>\n\t\t<div data-particle_enable=\"false\" data-particle-mobile-disabled=\"false\" class=\"elementor-element elementor-element-44fd2ec e-con-full e-flex e-con e-child\" data-id=\"44fd2ec\" data-element_type=\"container\" data-e-type=\"container\">\n\t\t<div data-particle_enable=\"false\" data-particle-mobile-disabled=\"false\" class=\"elementor-element elementor-element-493abfb e-con-full e-flex e-con e-child\" data-id=\"493abfb\" data-element_type=\"container\" data-e-type=\"container\">\n\t\t\t\t<div class=\"elementor-element elementor-element-15c7843 elementor-widget elementor-widget-image\" data-id=\"15c7843\" data-element_type=\"widget\" data-e-type=\"widget\" data-widget_type=\"image.default\">\n\t\t\t\t<div class=\"elementor-widget-container\">\n\t\t\t\t\t\t\t\t\t\t\t\t\t\t\t<img loading=\"lazy\" decoding=\"async\" width=\"240\" height=\"230\" src=\"https:\/\/megajoule.pt\/wp-content\/uploads\/2025\/04\/portugal.WSPD_.Q4.2019.jpg\" class=\"attachment-full size-full wp-image-793\" alt=\"\" srcset=\"https:\/\/megajoule.pt\/wp-content\/uploads\/2025\/04\/portugal.WSPD_.Q4.2019.jpg 240w, https:\/\/megajoule.pt\/wp-content\/uploads\/2025\/04\/portugal.WSPD_.Q4.2019-13x12.jpg 13w\" sizes=\"(max-width: 240px) 100vw, 240px\" \/>\t\t\t\t\t\t\t\t\t\t\t\t\t\t\t<\/div>\n\t\t\t\t<\/div>\n\t\t\t\t<div class=\"elementor-element elementor-element-8a511fa elementor-widget elementor-widget-heading\" data-id=\"8a511fa\" data-element_type=\"widget\" data-e-type=\"widget\" data-widget_type=\"heading.default\">\n\t\t\t\t<div class=\"elementor-widget-container\">\n\t\t\t\t\t<h4 class=\"elementor-heading-title elementor-size-default\"><a href=\"https:\/\/megajoule.smartmobilesolution.hr\/wp-content\/uploads\/2025\/04\/PORTUGAL_WSPD_2019_Q4-min.pdf\">Portugal 2019. P4<\/a><\/h4>\t\t\t\t<\/div>\n\t\t\t\t<\/div>\n\t\t\t\t<\/div>\n\t\t<div data-particle_enable=\"false\" data-particle-mobile-disabled=\"false\" class=\"elementor-element elementor-element-39ef334 e-con-full e-flex e-con e-child\" data-id=\"39ef334\" data-element_type=\"container\" data-e-type=\"container\">\n\t\t\t\t<div class=\"elementor-element elementor-element-b34fb20 elementor-widget elementor-widget-image\" data-id=\"b34fb20\" data-element_type=\"widget\" data-e-type=\"widget\" data-widget_type=\"image.default\">\n\t\t\t\t<div class=\"elementor-widget-container\">\n\t\t\t\t\t\t\t\t\t\t\t\t\t\t\t<img loading=\"lazy\" decoding=\"async\" width=\"240\" height=\"230\" src=\"https:\/\/megajoule.pt\/wp-content\/uploads\/2025\/04\/saudi.arabia.WSPD_.Q4.2019.jpg\" class=\"attachment-full size-full wp-image-794\" alt=\"\" srcset=\"https:\/\/megajoule.pt\/wp-content\/uploads\/2025\/04\/saudi.arabia.WSPD_.Q4.2019.jpg 240w, https:\/\/megajoule.pt\/wp-content\/uploads\/2025\/04\/saudi.arabia.WSPD_.Q4.2019-13x12.jpg 13w\" sizes=\"(max-width: 240px) 100vw, 240px\" \/>\t\t\t\t\t\t\t\t\t\t\t\t\t\t\t<\/div>\n\t\t\t\t<\/div>\n\t\t\t\t<div class=\"elementor-element elementor-element-82f6de1 elementor-widget elementor-widget-heading\" data-id=\"82f6de1\" data-element_type=\"widget\" data-e-type=\"widget\" data-widget_type=\"heading.default\">\n\t\t\t\t<div class=\"elementor-widget-container\">\n\t\t\t\t\t<h4 class=\"elementor-heading-title elementor-size-default\"><a href=\"https:\/\/megajoule.smartmobilesolution.hr\/wp-content\/uploads\/2025\/04\/SAUDI-ARABIA_WSPD_2019_Q4-min.pdf\">A Ar\u00e1bia Saudita 2019. P4<\/a><\/h4>\t\t\t\t<\/div>\n\t\t\t\t<\/div>\n\t\t\t\t<\/div>\n\t\t<div data-particle_enable=\"false\" data-particle-mobile-disabled=\"false\" class=\"elementor-element elementor-element-871a896 e-con-full e-flex e-con e-child\" data-id=\"871a896\" data-element_type=\"container\" data-e-type=\"container\">\n\t\t\t\t<div class=\"elementor-element elementor-element-d64dc9a elementor-widget elementor-widget-image\" data-id=\"d64dc9a\" data-element_type=\"widget\" data-e-type=\"widget\" data-widget_type=\"image.default\">\n\t\t\t\t<div class=\"elementor-widget-container\">\n\t\t\t\t\t\t\t\t\t\t\t\t\t\t\t<img loading=\"lazy\" decoding=\"async\" width=\"240\" height=\"230\" src=\"https:\/\/megajoule.pt\/wp-content\/uploads\/2025\/04\/turkey.WSPD_.Q4.2019.jpg\" class=\"attachment-full size-full wp-image-783\" alt=\"\" srcset=\"https:\/\/megajoule.pt\/wp-content\/uploads\/2025\/04\/turkey.WSPD_.Q4.2019.jpg 240w, https:\/\/megajoule.pt\/wp-content\/uploads\/2025\/04\/turkey.WSPD_.Q4.2019-13x12.jpg 13w\" sizes=\"(max-width: 240px) 100vw, 240px\" \/>\t\t\t\t\t\t\t\t\t\t\t\t\t\t\t<\/div>\n\t\t\t\t<\/div>\n\t\t\t\t<div class=\"elementor-element elementor-element-a3e465e elementor-widget elementor-widget-heading\" data-id=\"a3e465e\" data-element_type=\"widget\" data-e-type=\"widget\" data-widget_type=\"heading.default\">\n\t\t\t\t<div class=\"elementor-widget-container\">\n\t\t\t\t\t<h4 class=\"elementor-heading-title elementor-size-default\"><a href=\"https:\/\/megajoule.smartmobilesolution.hr\/wp-content\/uploads\/2025\/04\/TURKEY_WSPD_2019_Q4-min.pdf\">Turquia 2019. P4<\/a><\/h4>\t\t\t\t<\/div>\n\t\t\t\t<\/div>\n\t\t\t\t<\/div>\n\t\t<div data-particle_enable=\"false\" data-particle-mobile-disabled=\"false\" class=\"elementor-element elementor-element-94303bd e-con-full e-flex e-con e-child\" data-id=\"94303bd\" data-element_type=\"container\" data-e-type=\"container\">\n\t\t\t\t<div class=\"elementor-element elementor-element-91a8478 elementor-widget elementor-widget-image\" data-id=\"91a8478\" data-element_type=\"widget\" data-e-type=\"widget\" data-widget_type=\"image.default\">\n\t\t\t\t<div class=\"elementor-widget-container\">\n\t\t\t\t\t\t\t\t\t\t\t\t\t\t\t<img loading=\"lazy\" decoding=\"async\" width=\"240\" height=\"230\" src=\"https:\/\/megajoule.pt\/wp-content\/uploads\/2025\/04\/colombia.WSPD_.Q4.2019.jpg\" class=\"attachment-full size-full wp-image-789\" alt=\"\" srcset=\"https:\/\/megajoule.pt\/wp-content\/uploads\/2025\/04\/colombia.WSPD_.Q4.2019.jpg 240w, https:\/\/megajoule.pt\/wp-content\/uploads\/2025\/04\/colombia.WSPD_.Q4.2019-13x12.jpg 13w\" sizes=\"(max-width: 240px) 100vw, 240px\" \/>\t\t\t\t\t\t\t\t\t\t\t\t\t\t\t<\/div>\n\t\t\t\t<\/div>\n\t\t\t\t<div class=\"elementor-element elementor-element-e2d081c elementor-widget elementor-widget-heading\" data-id=\"e2d081c\" data-element_type=\"widget\" data-e-type=\"widget\" data-widget_type=\"heading.default\">\n\t\t\t\t<div class=\"elementor-widget-container\">\n\t\t\t\t\t<h4 class=\"elementor-heading-title elementor-size-default\"><a href=\"https:\/\/megajoule.smartmobilesolution.hr\/wp-content\/uploads\/2025\/04\/COLOMBIA_WSPD_2019_Q4-min.pdf\">Col\u00f4mbia 2019. P4<\/a><\/h4>\t\t\t\t<\/div>\n\t\t\t\t<\/div>\n\t\t\t\t<\/div>\n\t\t\t\t<\/div>\n\t\t\t\t<\/div>\n\t\t\t\t<\/div>","protected":false},"excerpt":{"rendered":"<p>Wind speed anomaly maps Below are maps of the quarter on quarter anomaly of wind speed based on MERRA2 data for selected countries. Brief PDF reports and isolated images. \u200bThey show the anomaly between the third trimester of 2019 versus the long-term (10-year) average of the same trimester. Argentina 2019. Q4 Brazil 2019. Q4 Croatia 2019. Q4 Portugal 2019. Q4 Saudi Arabia 2019. Q4 Turkey 2019. Q4 Colombia 2019. Q4<\/p>","protected":false},"author":1,"featured_media":0,"parent":0,"menu_order":0,"comment_status":"closed","ping_status":"closed","template":"","meta":{"_et_pb_use_builder":"on","_et_pb_old_content":"<!-- wp:divi\/placeholder \/-->","_et_gb_content_width":"","footnotes":""},"class_list":["post-778","page","type-page","status-publish","hentry"],"_links":{"self":[{"href":"https:\/\/megajoule.pt\/pt\/wp-json\/wp\/v2\/pages\/778","targetHints":{"allow":["GET"]}}],"collection":[{"href":"https:\/\/megajoule.pt\/pt\/wp-json\/wp\/v2\/pages"}],"about":[{"href":"https:\/\/megajoule.pt\/pt\/wp-json\/wp\/v2\/types\/page"}],"author":[{"embeddable":true,"href":"https:\/\/megajoule.pt\/pt\/wp-json\/wp\/v2\/users\/1"}],"replies":[{"embeddable":true,"href":"https:\/\/megajoule.pt\/pt\/wp-json\/wp\/v2\/comments?post=778"}],"version-history":[{"count":25,"href":"https:\/\/megajoule.pt\/pt\/wp-json\/wp\/v2\/pages\/778\/revisions"}],"predecessor-version":[{"id":1798,"href":"https:\/\/megajoule.pt\/pt\/wp-json\/wp\/v2\/pages\/778\/revisions\/1798"}],"wp:attachment":[{"href":"https:\/\/megajoule.pt\/pt\/wp-json\/wp\/v2\/media?parent=778"}],"curies":[{"name":"wp","href":"https:\/\/api.w.org\/{rel}","templated":true}]}}