{"id":700,"date":"2025-04-10T07:33:30","date_gmt":"2025-04-10T07:33:30","guid":{"rendered":"http:\/\/megajoule.pt\/?page_id=700"},"modified":"2026-02-11T07:57:48","modified_gmt":"2026-02-11T07:57:48","slug":"engineering","status":"publish","type":"page","link":"https:\/\/megajoule.pt\/pt\/engineering\/","title":{"rendered":"Engenharia"},"content":{"rendered":"<div data-elementor-type=\"wp-page\" data-elementor-id=\"700\" class=\"elementor elementor-700\" data-elementor-post-type=\"page\">\n\t\t\t\t<div data-particle_enable=\"false\" data-particle-mobile-disabled=\"false\" class=\"elementor-element elementor-element-71969f8 e-con-full e-flex e-con e-parent\" data-id=\"71969f8\" data-element_type=\"container\" data-e-type=\"container\" data-settings=\"{&quot;background_background&quot;:&quot;classic&quot;,&quot;shape_divider_bottom&quot;:&quot;mountains&quot;}\">\n\t\t\t\t<div class=\"elementor-shape elementor-shape-bottom\" aria-hidden=\"true\" data-negative=\"false\">\n\t\t\t<svg xmlns=\"http:\/\/www.w3.org\/2000\/svg\" viewbox=\"0 0 1000 100\" preserveaspectratio=\"none\">\n\t<path class=\"elementor-shape-fill\" opacity=\"0.33\" d=\"M473,67.3c-203.9,88.3-263.1-34-320.3,0C66,119.1,0,59.7,0,59.7V0h1000v59.7 c0,0-62.1,26.1-94.9,29.3c-32.8,3.3-62.8-12.3-75.8-22.1C806,49.6,745.3,8.7,694.9,4.7S492.4,59,473,67.3z\"\/>\n\t<path class=\"elementor-shape-fill\" opacity=\"0.66\" d=\"M734,67.3c-45.5,0-77.2-23.2-129.1-39.1c-28.6-8.7-150.3-10.1-254,39.1 s-91.7-34.4-149.2,0C115.7,118.3,0,39.8,0,39.8V0h1000v36.5c0,0-28.2-18.5-92.1-18.5C810.2,18.1,775.7,67.3,734,67.3z\"\/>\n\t<path class=\"elementor-shape-fill\" d=\"M766.1,28.9c-200-57.5-266,65.5-395.1,19.5C242,1.8,242,5.4,184.8,20.6C128,35.8,132.3,44.9,89.9,52.5C28.6,63.7,0,0,0,0 h1000c0,0-9.9,40.9-83.6,48.1S829.6,47,766.1,28.9z\"\/>\n<\/svg>\t\t<\/div>\n\t\t<div data-particle_enable=\"false\" data-particle-mobile-disabled=\"false\" class=\"elementor-element elementor-element-2e2ba5f e-con-full e-flex e-con e-child\" data-id=\"2e2ba5f\" data-element_type=\"container\" data-e-type=\"container\">\n\t\t\t\t<div class=\"elementor-element elementor-element-f3118f4 elementor-widget elementor-widget-heading\" data-id=\"f3118f4\" data-element_type=\"widget\" data-e-type=\"widget\" data-widget_type=\"heading.default\">\n\t\t\t\t<div class=\"elementor-widget-container\">\n\t\t\t\t\t<h2 class=\"elementor-heading-title elementor-size-default\">Engenharia<\/h2>\t\t\t\t<\/div>\n\t\t\t\t<\/div>\n\t\t\t\t<\/div>\n\t\t\t\t<\/div>\n\t\t<div data-particle_enable=\"false\" data-particle-mobile-disabled=\"false\" class=\"elementor-element elementor-element-e1d15b1 e-con-full e-flex e-con e-parent\" data-id=\"e1d15b1\" data-element_type=\"container\" data-e-type=\"container\" data-settings=\"{&quot;background_background&quot;:&quot;classic&quot;}\">\n\t\t<div data-particle_enable=\"false\" data-particle-mobile-disabled=\"false\" class=\"elementor-element elementor-element-ca18032 e-con-full e-flex e-con e-child\" data-id=\"ca18032\" data-element_type=\"container\" data-e-type=\"container\">\n\t\t\t\t<div class=\"elementor-element elementor-element-d62a8a0 elementor-widget elementor-widget-heading\" data-id=\"d62a8a0\" data-element_type=\"widget\" data-e-type=\"widget\" data-widget_type=\"heading.default\">\n\t\t\t\t<div class=\"elementor-widget-container\">\n\t\t\t\t\t<h2 class=\"elementor-heading-title elementor-size-default\">N\u00f3s fornecemos estrat\u00e9gico de suporte de engenharia, incluindo projetos em todas as fases do projeto para garantir a efici\u00eancia, a confiabilidade e a conformidade.<\/h2>\t\t\t\t<\/div>\n\t\t\t\t<\/div>\n\t\t\t\t<\/div>\n\t\t\t\t<\/div>\n\t\t<div data-particle_enable=\"false\" data-particle-mobile-disabled=\"false\" class=\"elementor-element elementor-element-69357b3 e-con-full e-flex e-con e-parent\" data-id=\"69357b3\" data-element_type=\"container\" data-e-type=\"container\" data-settings=\"{&quot;background_background&quot;:&quot;classic&quot;,&quot;shape_divider_top&quot;:&quot;mountains&quot;}\">\n\t\t\t\t<div class=\"elementor-shape elementor-shape-top\" aria-hidden=\"true\" data-negative=\"false\">\n\t\t\t<svg xmlns=\"http:\/\/www.w3.org\/2000\/svg\" viewbox=\"0 0 1000 100\" preserveaspectratio=\"none\">\n\t<path class=\"elementor-shape-fill\" opacity=\"0.33\" d=\"M473,67.3c-203.9,88.3-263.1-34-320.3,0C66,119.1,0,59.7,0,59.7V0h1000v59.7 c0,0-62.1,26.1-94.9,29.3c-32.8,3.3-62.8-12.3-75.8-22.1C806,49.6,745.3,8.7,694.9,4.7S492.4,59,473,67.3z\"\/>\n\t<path class=\"elementor-shape-fill\" opacity=\"0.66\" d=\"M734,67.3c-45.5,0-77.2-23.2-129.1-39.1c-28.6-8.7-150.3-10.1-254,39.1 s-91.7-34.4-149.2,0C115.7,118.3,0,39.8,0,39.8V0h1000v36.5c0,0-28.2-18.5-92.1-18.5C810.2,18.1,775.7,67.3,734,67.3z\"\/>\n\t<path class=\"elementor-shape-fill\" d=\"M766.1,28.9c-200-57.5-266,65.5-395.1,19.5C242,1.8,242,5.4,184.8,20.6C128,35.8,132.3,44.9,89.9,52.5C28.6,63.7,0,0,0,0 h1000c0,0-9.9,40.9-83.6,48.1S829.6,47,766.1,28.9z\"\/>\n<\/svg>\t\t<\/div>\n\t\t<div data-particle_enable=\"false\" data-particle-mobile-disabled=\"false\" class=\"elementor-element elementor-element-e06cbc3 e-con-full e-flex e-con e-child\" data-id=\"e06cbc3\" data-element_type=\"container\" data-e-type=\"container\">\n\t\t<div data-particle_enable=\"false\" data-particle-mobile-disabled=\"false\" class=\"elementor-element elementor-element-6eb539d e-con-full e-flex e-con e-child\" data-id=\"6eb539d\" data-element_type=\"container\" data-e-type=\"container\">\n\t\t\t\t<div class=\"elementor-element elementor-element-800ae53 elementor-view-framed elementor-shape-circle elementor-widget elementor-widget-icon\" data-id=\"800ae53\" data-element_type=\"widget\" data-e-type=\"widget\" data-widget_type=\"icon.default\">\n\t\t\t\t<div class=\"elementor-widget-container\">\n\t\t\t\t\t\t\t<div class=\"elementor-icon-wrapper\">\n\t\t\t<a class=\"elementor-icon\" href=\"https:\/\/megajoule.pt\/pt\/resource-assesment\/\">\n\t\t\t<i aria-hidden=\"true\" class=\"fas fa-clipboard\"><\/i>\t\t\t<\/a>\n\t\t<\/div>\n\t\t\t\t\t\t<\/div>\n\t\t\t\t<\/div>\n\t\t\t\t<div class=\"elementor-element elementor-element-0934b1c elementor-widget elementor-widget-heading\" data-id=\"0934b1c\" data-element_type=\"widget\" data-e-type=\"widget\" data-widget_type=\"heading.default\">\n\t\t\t\t<div class=\"elementor-widget-container\">\n\t\t\t\t\t<h3 class=\"elementor-heading-title elementor-size-default\">Resource Assessment<\/h3>\t\t\t\t<\/div>\n\t\t\t\t<\/div>\n\t\t\t\t<\/div>\n\t\t<div data-particle_enable=\"false\" data-particle-mobile-disabled=\"false\" class=\"elementor-element elementor-element-af65ba5 e-con-full e-flex e-con e-child\" data-id=\"af65ba5\" data-element_type=\"container\" data-e-type=\"container\">\n\t\t\t\t<div class=\"elementor-element elementor-element-c44f40c elementor-view-framed elementor-shape-circle elementor-widget elementor-widget-icon\" data-id=\"c44f40c\" data-element_type=\"widget\" data-e-type=\"widget\" data-widget_type=\"icon.default\">\n\t\t\t\t<div class=\"elementor-widget-container\">\n\t\t\t\t\t\t\t<div class=\"elementor-icon-wrapper\">\n\t\t\t<a class=\"elementor-icon\" href=\"https:\/\/megajoule.pt\/pt\/engineering\/\">\n\t\t\t<i aria-hidden=\"true\" class=\"fas fa-wrench\"><\/i>\t\t\t<\/a>\n\t\t<\/div>\n\t\t\t\t\t\t<\/div>\n\t\t\t\t<\/div>\n\t\t\t\t<div class=\"elementor-element elementor-element-b8feadd elementor-widget elementor-widget-heading\" data-id=\"b8feadd\" data-element_type=\"widget\" data-e-type=\"widget\" data-widget_type=\"heading.default\">\n\t\t\t\t<div class=\"elementor-widget-container\">\n\t\t\t\t\t<h3 class=\"elementor-heading-title elementor-size-default\">Engenharia<\/h3>\t\t\t\t<\/div>\n\t\t\t\t<\/div>\n\t\t\t\t<\/div>\n\t\t<div data-particle_enable=\"false\" data-particle-mobile-disabled=\"false\" class=\"elementor-element elementor-element-99e9202 e-con-full e-flex e-con e-child\" data-id=\"99e9202\" data-element_type=\"container\" data-e-type=\"container\">\n\t\t\t\t<div class=\"elementor-element elementor-element-8e593e3 elementor-view-framed elementor-shape-circle elementor-widget elementor-widget-icon\" data-id=\"8e593e3\" data-element_type=\"widget\" data-e-type=\"widget\" data-widget_type=\"icon.default\">\n\t\t\t\t<div class=\"elementor-widget-container\">\n\t\t\t\t\t\t\t<div class=\"elementor-icon-wrapper\">\n\t\t\t<a class=\"elementor-icon\" href=\"https:\/\/megajoule.pt\/pt\/due-diligence\/\">\n\t\t\t<i aria-hidden=\"true\" class=\"fas fa-pencil-ruler\"><\/i>\t\t\t<\/a>\n\t\t<\/div>\n\t\t\t\t\t\t<\/div>\n\t\t\t\t<\/div>\n\t\t\t\t<div class=\"elementor-element elementor-element-0d6e9c3 elementor-widget elementor-widget-heading\" data-id=\"0d6e9c3\" data-element_type=\"widget\" data-e-type=\"widget\" data-widget_type=\"heading.default\">\n\t\t\t\t<div class=\"elementor-widget-container\">\n\t\t\t\t\t<h3 class=\"elementor-heading-title elementor-size-default\">Due Diligence &amp;\nFeasibility <\/h3>\t\t\t\t<\/div>\n\t\t\t\t<\/div>\n\t\t\t\t<\/div>\n\t\t<div data-particle_enable=\"false\" data-particle-mobile-disabled=\"false\" class=\"elementor-element elementor-element-a482825 e-con-full e-flex e-con e-child\" data-id=\"a482825\" data-element_type=\"container\" data-e-type=\"container\">\n\t\t\t\t<div class=\"elementor-element elementor-element-f258cb6 elementor-view-framed elementor-shape-circle elementor-widget elementor-widget-icon\" data-id=\"f258cb6\" data-element_type=\"widget\" data-e-type=\"widget\" data-widget_type=\"icon.default\">\n\t\t\t\t<div class=\"elementor-widget-container\">\n\t\t\t\t\t\t\t<div class=\"elementor-icon-wrapper\">\n\t\t\t<a class=\"elementor-icon\" href=\"https:\/\/megajoule.pt\/pt\/operation\/\">\n\t\t\t<i aria-hidden=\"true\" class=\"fas fa-cogs\"><\/i>\t\t\t<\/a>\n\t\t<\/div>\n\t\t\t\t\t\t<\/div>\n\t\t\t\t<\/div>\n\t\t\t\t<div class=\"elementor-element elementor-element-7723344 elementor-widget elementor-widget-heading\" data-id=\"7723344\" data-element_type=\"widget\" data-e-type=\"widget\" data-widget_type=\"heading.default\">\n\t\t\t\t<div class=\"elementor-widget-container\">\n\t\t\t\t\t<h3 class=\"elementor-heading-title elementor-size-default\">Opera\u00e7\u00e3o<\/h3>\t\t\t\t<\/div>\n\t\t\t\t<\/div>\n\t\t\t\t<\/div>\n\t\t<div data-particle_enable=\"false\" data-particle-mobile-disabled=\"false\" class=\"elementor-element elementor-element-5d25965 e-con-full e-flex e-con e-child\" data-id=\"5d25965\" data-element_type=\"container\" data-e-type=\"container\">\n\t\t\t\t<div class=\"elementor-element elementor-element-bf2f96b elementor-view-framed elementor-shape-circle elementor-widget elementor-widget-icon\" data-id=\"bf2f96b\" data-element_type=\"widget\" data-e-type=\"widget\" data-widget_type=\"icon.default\">\n\t\t\t\t<div class=\"elementor-widget-container\">\n\t\t\t\t\t\t\t<div class=\"elementor-icon-wrapper\">\n\t\t\t<a class=\"elementor-icon\" href=\"https:\/\/megajoule.pt\/pt\/electricity-markets\/\">\n\t\t\t<i aria-hidden=\"true\" class=\"xlwpf isaxbold-presention-chart\"><\/i>\t\t\t<\/a>\n\t\t<\/div>\n\t\t\t\t\t\t<\/div>\n\t\t\t\t<\/div>\n\t\t\t\t<div class=\"elementor-element elementor-element-14f535e elementor-widget elementor-widget-heading\" data-id=\"14f535e\" data-element_type=\"widget\" data-e-type=\"widget\" data-widget_type=\"heading.default\">\n\t\t\t\t<div class=\"elementor-widget-container\">\n\t\t\t\t\t<h3 class=\"elementor-heading-title elementor-size-default\">Mercados De Electricidade<\/h3>\t\t\t\t<\/div>\n\t\t\t\t<\/div>\n\t\t\t\t<\/div>\n\t\t\t\t<\/div>\n\t\t\t\t<\/div>\n\t\t<div data-particle_enable=\"false\" data-particle-mobile-disabled=\"false\" class=\"elementor-element elementor-element-7c6fd2d e-con-full e-flex e-con e-parent\" data-id=\"7c6fd2d\" data-element_type=\"container\" data-e-type=\"container\" data-settings=\"{&quot;background_background&quot;:&quot;classic&quot;}\">\n\t\t<div data-particle_enable=\"false\" data-particle-mobile-disabled=\"false\" class=\"elementor-element elementor-element-fddae6e e-con-full e-flex e-con e-child\" data-id=\"fddae6e\" data-element_type=\"container\" data-e-type=\"container\">\n\t\t<div data-particle_enable=\"false\" data-particle-mobile-disabled=\"false\" class=\"elementor-element elementor-element-ac18cfc e-con-full e-flex e-con e-child\" data-id=\"ac18cfc\" data-element_type=\"container\" data-e-type=\"container\">\n\t\t<div data-particle_enable=\"false\" data-particle-mobile-disabled=\"false\" class=\"elementor-element elementor-element-682f604 e-con-full e-flex e-con e-child\" data-id=\"682f604\" data-element_type=\"container\" data-e-type=\"container\">\n\t\t\t\t<div class=\"elementor-element elementor-element-2db3660 elementor-widget elementor-widget-heading\" data-id=\"2db3660\" data-element_type=\"widget\" data-e-type=\"widget\" data-widget_type=\"heading.default\">\n\t\t\t\t<div class=\"elementor-widget-container\">\n\t\t\t\t\t<h2 class=\"elementor-heading-title elementor-size-default\">Basic &amp; Design Principal<\/h2>\t\t\t\t<\/div>\n\t\t\t\t<\/div>\n\t\t\t\t<div class=\"elementor-element elementor-element-a2c9a88 elementor-widget elementor-widget-text-editor\" data-id=\"a2c9a88\" data-element_type=\"widget\" data-e-type=\"widget\" data-widget_type=\"text-editor.default\">\n\t\t\t\t<div class=\"elementor-widget-container\">\n\t\t\t\t\t\t\t\t\t<div class=\"vc_row wpb_row section vc_row-fluid vc_inner\"><div class=\"full_section_inner clearfix\"><div class=\"wpb_column vc_column_container vc_col-sm-12\"><div class=\"vc_column-inner\"><div class=\"wpb_wrapper\"><div class=\"wpb_text_column wpb_content_element\"><div class=\"wpb_wrapper\"><p>O papel do MJ (Megajoule) como consultor ou designer no desenvolvimento do projecto, \u00e9 o sucesso de orienta\u00e7\u00e3o do cliente (propriet\u00e1rio\/promotor\/investidor do projeto) atrav\u00e9s de cada pedido est\u00e1gio de desenvolvimento do projeto do vento, a energia solar planta, ou um h\u00edbrido aqueles que podem, ainda, incluir uma bateria de armazenamento de energia do sistema (BESS) . Em todas as fases de desenvolvimento do projeto, o papel da Megajoule como designer e consultor para levar o processo de design da ideia \u00e0 finaliza\u00e7\u00e3o de uma forma que utiliza as regras da profiss\u00e3o, com o seu conhecimento, experi\u00eancia e habilidades, e cria um design ideal ou modelo de uma determinada planta de energia para o cliente. Al\u00e9m do projeto, Megajoule tem o cuidado de seguir as melhores pr\u00e1ticas do setor e as normas, a fim de obter o melhor rendimento para o investidor em trazer o projeto para a conclus\u00e3o. Em outras palavras, o processo de design n\u00e3o termina apenas com o projecto, mas com o acompanhamento de altera\u00e7\u00f5es e adi\u00e7\u00f5es, dependendo do tempo-espa\u00e7o de limita\u00e7\u00f5es, jur\u00eddica e de outra legisla\u00e7\u00e3o relevante para o projeto, bem como o estado nacional e mundial de energia, equipamentos, ind\u00fastria e mercados.<\/p><\/div><\/div><\/div><\/div><\/div><\/div><\/div>\t\t\t\t\t\t\t\t<\/div>\n\t\t\t\t<\/div>\n\t\t\t\t<\/div>\n\t\t<div data-particle_enable=\"false\" data-particle-mobile-disabled=\"false\" class=\"elementor-element elementor-element-ef87a1f e-con-full e-flex e-con e-child\" data-id=\"ef87a1f\" data-element_type=\"container\" data-e-type=\"container\">\n\t\t\t\t<div class=\"elementor-element elementor-element-b7a1151 elementor-widget elementor-widget-heading\" data-id=\"b7a1151\" data-element_type=\"widget\" data-e-type=\"widget\" data-widget_type=\"heading.default\">\n\t\t\t\t<div class=\"elementor-widget-container\">\n\t\t\t\t\t<h2 class=\"elementor-heading-title elementor-size-default\">Mem\u00f3ria Descritiva<\/h2>\t\t\t\t<\/div>\n\t\t\t\t<\/div>\n\t\t\t\t<div class=\"elementor-element elementor-element-341216d elementor-widget elementor-widget-text-editor\" data-id=\"341216d\" data-element_type=\"widget\" data-e-type=\"widget\" data-widget_type=\"text-editor.default\">\n\t\t\t\t<div class=\"elementor-widget-container\">\n\t\t\t\t\t\t\t\t\t<div class=\"vc_row wpb_row section vc_row-fluid vc_inner\"><div class=\"full_section_inner clearfix\"><div class=\"wpb_column vc_column_container vc_col-sm-12\"><div class=\"vc_column-inner\"><div class=\"wpb_wrapper\"><div class=\"wpb_text_column wpb_content_element\"><div class=\"wpb_wrapper\"><div class=\"vc_row wpb_row section vc_row-fluid vc_inner\"><div class=\"full_section_inner clearfix\"><div class=\"wpb_column vc_column_container vc_col-sm-12\"><div class=\"vc_column-inner\"><div class=\"wpb_wrapper\"><div class=\"wpb_text_column wpb_content_element\"><div class=\"wpb_wrapper\"><p>Uma Mem\u00f3ria Descritiva (DEM) \u00e9 um documento fundamental no desenvolvimento de projectos de energias renov\u00e1veis em Portugal, incluindo os parques e\u00f3licos, centrais de energia solar e bateria de sistemas de armazenamento de energia (BESS). Ele fornece uma forma estruturada e detalhada vis\u00e3o geral dos principais t\u00e9cnicos, ambientais e aspectos regulat\u00f3rios. Servindo como uma refer\u00eancia para as partes interessadas, tais como os desenvolvedores, reguladores e investidores, o DEM garante clareza nas especifica\u00e7\u00f5es de projeto e de conformidade com os regulamentos aplic\u00e1veis. Atrav\u00e9s da compila\u00e7\u00e3o de informa\u00e7\u00f5es essenciais sobre o local, planejado infra-estrutura e operacionais considera\u00e7\u00f5es, este documento ajuda a agilizar a aprova\u00e7\u00e3o de projetos de processos, minimiza\u00e7\u00e3o de riscos, e apoiar a tomada de decis\u00f5es informadas.<\/p><\/div><\/div><\/div><\/div><\/div><\/div><\/div><\/div><\/div><\/div><\/div><\/div><\/div><\/div>\t\t\t\t\t\t\t\t<\/div>\n\t\t\t\t<\/div>\n\t\t\t\t<\/div>\n\t\t\t\t<\/div>\n\t\t<div data-particle_enable=\"false\" data-particle-mobile-disabled=\"false\" class=\"elementor-element elementor-element-e2ff470 e-con-full e-flex e-con e-child\" data-id=\"e2ff470\" data-element_type=\"container\" data-e-type=\"container\">\n\t\t<div data-particle_enable=\"false\" data-particle-mobile-disabled=\"false\" class=\"elementor-element elementor-element-0c43427 e-con-full e-flex e-con e-child\" data-id=\"0c43427\" data-element_type=\"container\" data-e-type=\"container\">\n\t\t\t\t<div class=\"elementor-element elementor-element-cee1044 elementor-widget elementor-widget-heading\" data-id=\"cee1044\" data-element_type=\"widget\" data-e-type=\"widget\" data-widget_type=\"heading.default\">\n\t\t\t\t<div class=\"elementor-widget-container\">\n\t\t\t\t\t<h2 class=\"elementor-heading-title elementor-size-default\">Propriet\u00e1rio\/Engenheiro do banco<\/h2>\t\t\t\t<\/div>\n\t\t\t\t<\/div>\n\t\t\t\t<div class=\"elementor-element elementor-element-9fccf2b elementor-widget elementor-widget-text-editor\" data-id=\"9fccf2b\" data-element_type=\"widget\" data-e-type=\"widget\" data-widget_type=\"text-editor.default\">\n\t\t\t\t<div class=\"elementor-widget-container\">\n\t\t\t\t\t\t\t\t\t<div class=\"vc_row wpb_row section vc_row-fluid vc_inner\"><div class=\"full_section_inner clearfix\"><div class=\"wpb_column vc_column_container vc_col-sm-12\"><div class=\"vc_column-inner\"><div class=\"wpb_wrapper\"><div class=\"wpb_text_column wpb_content_element\"><div class=\"wpb_wrapper\"><p>Como Engenheiro do Propriet\u00e1rio (OE), que representam clientes em todo o desenvolvimento e\/ou fases operacionais dos seus projetos para garantir a sua entrega dentro das especifica\u00e7\u00f5es, plano de neg\u00f3cios, condi\u00e7\u00f5es financeiras e breve projeto, conforme definido pelo cliente. <br \/>Combinando experi\u00eancia global, com experi\u00eancia, temos uma completa aprecia\u00e7\u00e3o completa do perfil de risco em um projeto de energia renov\u00e1vel a partir de viabilidade para as opera\u00e7\u00f5es. N\u00f3s, portanto, trazer valor para os nossos clientes linhas de fundo, agindo em seu nome, ao longo de um processo para garantir medidas mitigativas s\u00e3o colocados no lugar onde relevante, reduzindo assim o risco de atrasos ou despesas imprevistas.<\/p><\/div><\/div><\/div><\/div><\/div><\/div><\/div>\t\t\t\t\t\t\t\t<\/div>\n\t\t\t\t<\/div>\n\t\t\t\t<\/div>\n\t\t<div data-particle_enable=\"false\" data-particle-mobile-disabled=\"false\" class=\"elementor-element elementor-element-f33ef14 e-con-full e-flex e-con e-child\" data-id=\"f33ef14\" data-element_type=\"container\" data-e-type=\"container\">\n\t\t\t\t<div class=\"elementor-element elementor-element-b7f7bfb elementor-widget elementor-widget-heading\" data-id=\"b7f7bfb\" data-element_type=\"widget\" data-e-type=\"widget\" data-widget_type=\"heading.default\">\n\t\t\t\t<div class=\"elementor-widget-container\">\n\t\t\t\t\t<h2 class=\"elementor-heading-title elementor-size-default\">Supervis\u00e3o<\/h2>\t\t\t\t<\/div>\n\t\t\t\t<\/div>\n\t\t\t\t<div class=\"elementor-element elementor-element-0ff9d09 elementor-widget elementor-widget-text-editor\" data-id=\"0ff9d09\" data-element_type=\"widget\" data-e-type=\"widget\" data-widget_type=\"text-editor.default\">\n\t\t\t\t<div class=\"elementor-widget-container\">\n\t\t\t\t\t\t\t\t\t<div class=\"vc_row wpb_row section vc_row-fluid vc_inner\"><div class=\"full_section_inner clearfix\"><div class=\"wpb_column vc_column_container vc_col-sm-12\"><div class=\"vc_column-inner\"><div class=\"wpb_wrapper\"><div class=\"wpb_text_column wpb_content_element\"><div class=\"wpb_wrapper\"><div class=\"vc_row wpb_row section vc_row-fluid vc_inner\"><div class=\"full_section_inner clearfix\"><div class=\"wpb_column vc_column_container vc_col-sm-12\"><div class=\"vc_column-inner\"><div class=\"wpb_wrapper\"><div class=\"wpb_text_column wpb_content_element\"><div class=\"wpb_wrapper\"><p>Supervis\u00e3o (SUP), est\u00e1 intimamente ligado a OEN\/LEN servi\u00e7os e, nesse caso, \u00e9 legalmente exigida a supervis\u00e3o do t\u00e9cnico ponto de vista para o projeto. Normalmente, isso significa ter-se apropriado el\u00e9trica, civil e mec\u00e2nica de supervis\u00e3o de engenheiros em uma base semanal no site para confirmar e cumprir a necess\u00e1ria constru\u00e7\u00e3o de log. \u00c9 sempre importante ter localmente engenheiros licenciados para essa finalidade que cumprir os requisitos necess\u00e1rios. MJ oferece este servi\u00e7o, sem OE\/LEN apenas na Cro\u00e1cia e Portugal, e em outros pa\u00edses apenas como parte de um pacote.<\/p><\/div><\/div><\/div><\/div><\/div><\/div><\/div><\/div><\/div><\/div><\/div><\/div><\/div><\/div>\t\t\t\t\t\t\t\t<\/div>\n\t\t\t\t<\/div>\n\t\t\t\t<\/div>\n\t\t<div data-particle_enable=\"false\" data-particle-mobile-disabled=\"false\" class=\"elementor-element elementor-element-a28eb63 e-con-full e-flex e-con e-child\" data-id=\"a28eb63\" data-element_type=\"container\" data-e-type=\"container\">\n\t\t\t\t<div class=\"elementor-element elementor-element-e8b0c4a elementor-widget elementor-widget-heading\" data-id=\"e8b0c4a\" data-element_type=\"widget\" data-e-type=\"widget\" data-widget_type=\"heading.default\">\n\t\t\t\t<div class=\"elementor-widget-container\">\n\t\t\t\t\t<h2 class=\"elementor-heading-title elementor-size-default\">Concurso Suporte T\u00e9cnico<\/h2>\t\t\t\t<\/div>\n\t\t\t\t<\/div>\n\t\t\t\t<div class=\"elementor-element elementor-element-4f83926 elementor-widget elementor-widget-text-editor\" data-id=\"4f83926\" data-element_type=\"widget\" data-e-type=\"widget\" data-widget_type=\"text-editor.default\">\n\t\t\t\t<div class=\"elementor-widget-container\">\n\t\t\t\t\t\t\t\t\t<div class=\"vc_row wpb_row section vc_row-fluid vc_inner\"><div class=\"full_section_inner clearfix\"><div class=\"wpb_column vc_column_container vc_col-sm-12\"><div class=\"vc_column-inner\"><div class=\"wpb_wrapper\"><div class=\"wpb_text_column wpb_content_element\"><div class=\"wpb_wrapper\"><p>O prazo do concurso de suporte t\u00e9cnico (TTS) relaciona-se com a e\u00f3lica\/solar\/bateria\/h\u00edbrido projetos de energia (BESS) e a necessidade do Cliente para selecionar um contratante que vai fazer um EPC (PV solar planta) ou BoP &amp; TSA (parque e\u00f3lico). Isso pode ser feito durante a prepara\u00e7\u00e3o das preliminares\/desenho do projeto ou imediatamente ap\u00f3s, dependendo das necessidades do Cliente e os fins.<br \/>O processo de TTS pode ser feito em duas etapas, que podem ser contratados e preparados de forma independente uns dos outros, no entanto, os melhores resultados podem ser obtidos com MJ manipula\u00e7\u00e3o de ambas as fases.<br \/>MJ visa ptovide independente de orienta\u00e7\u00e3o para ajudar o Cliente a escolher o melhor tecno-econ\u00f3mica solu\u00e7\u00e3o para a implementa\u00e7\u00e3o do projeto.<\/p><\/div><\/div><\/div><\/div><\/div><\/div><\/div>\t\t\t\t\t\t\t\t<\/div>\n\t\t\t\t<\/div>\n\t\t\t\t<\/div>\n\t\t\t\t<\/div>\n\t\t\t\t<\/div>\n\t\t\t\t<\/div>\n\t\t<div data-particle_enable=\"false\" data-particle-mobile-disabled=\"false\" class=\"elementor-element elementor-element-1dc3d39 e-con-full e-flex e-con e-parent\" data-id=\"1dc3d39\" data-element_type=\"container\" data-e-type=\"container\" data-settings=\"{&quot;background_background&quot;:&quot;classic&quot;}\">\n\t\t\t\t<\/div>\n\t\t\t\t<\/div>","protected":false},"excerpt":{"rendered":"<p>Engineering We provide strategic engineering support including designs across all project phases to ensure efficiency, reliability, and compliance. Resource Assessment Engineering Due Diligence &amp; Feasibility Operation Electricity Markets Basic &amp; Main Design The role of MJ (Megajoule) as a consultant or designer in the project development is the successful guidance of the client (owner\/developer\/investor of the project) through every requested stage of design development of the wind,\u00a0 solar power plant, or a hybrid of those which can additionally include a battery energy storage system (BESS) . Throughout the phases of design development, the role of Megajoule as a designer and consultant is to lead the design process from idea to finalization in a way that uses the rules of the profession, its knowledge, experience and skills, and creates an optimal design or blueprint of the given power plant for the client. Beyond just the project, Megajoule takes care to follow the best industry practices and standards in order to achieve optimal performance for the investor in bringing the project to completion. In other words, the design process does not end only with the draft, but with the monitoring of changes and additions depending on time-space limitations, legal and other legislation [&hellip;]<\/p>\n","protected":false},"author":1,"featured_media":0,"parent":0,"menu_order":0,"comment_status":"closed","ping_status":"closed","template":"","meta":{"_et_pb_use_builder":"on","_et_pb_old_content":"<!-- wp:divi\/placeholder \/-->","_et_gb_content_width":"","footnotes":""},"class_list":["post-700","page","type-page","status-publish","hentry"],"_links":{"self":[{"href":"https:\/\/megajoule.pt\/pt\/wp-json\/wp\/v2\/pages\/700","targetHints":{"allow":["GET"]}}],"collection":[{"href":"https:\/\/megajoule.pt\/pt\/wp-json\/wp\/v2\/pages"}],"about":[{"href":"https:\/\/megajoule.pt\/pt\/wp-json\/wp\/v2\/types\/page"}],"author":[{"embeddable":true,"href":"https:\/\/megajoule.pt\/pt\/wp-json\/wp\/v2\/users\/1"}],"replies":[{"embeddable":true,"href":"https:\/\/megajoule.pt\/pt\/wp-json\/wp\/v2\/comments?post=700"}],"version-history":[{"count":46,"href":"https:\/\/megajoule.pt\/pt\/wp-json\/wp\/v2\/pages\/700\/revisions"}],"predecessor-version":[{"id":1768,"href":"https:\/\/megajoule.pt\/pt\/wp-json\/wp\/v2\/pages\/700\/revisions\/1768"}],"wp:attachment":[{"href":"https:\/\/megajoule.pt\/pt\/wp-json\/wp\/v2\/media?parent=700"}],"curies":[{"name":"wp","href":"https:\/\/api.w.org\/{rel}","templated":true}]}}