{"id":672,"date":"2025-04-10T07:08:27","date_gmt":"2025-04-10T07:08:27","guid":{"rendered":"http:\/\/megajoule.pt\/?page_id=672"},"modified":"2026-02-11T07:40:04","modified_gmt":"2026-02-11T07:40:04","slug":"due-diligence","status":"publish","type":"page","link":"https:\/\/megajoule.pt\/pt\/due-diligence\/","title":{"rendered":"Due Diligence"},"content":{"rendered":"<div data-elementor-type=\"wp-page\" data-elementor-id=\"672\" class=\"elementor elementor-672\" data-elementor-post-type=\"page\">\n\t\t\t\t<div data-particle_enable=\"false\" data-particle-mobile-disabled=\"false\" class=\"elementor-element elementor-element-71969f8 e-con-full e-flex e-con e-parent\" data-id=\"71969f8\" data-element_type=\"container\" data-e-type=\"container\" data-settings=\"{&quot;background_background&quot;:&quot;classic&quot;,&quot;shape_divider_bottom&quot;:&quot;mountains&quot;}\">\n\t\t\t\t<div class=\"elementor-shape elementor-shape-bottom\" aria-hidden=\"true\" data-negative=\"false\">\n\t\t\t<svg xmlns=\"http:\/\/www.w3.org\/2000\/svg\" viewbox=\"0 0 1000 100\" preserveaspectratio=\"none\">\n\t<path class=\"elementor-shape-fill\" opacity=\"0.33\" d=\"M473,67.3c-203.9,88.3-263.1-34-320.3,0C66,119.1,0,59.7,0,59.7V0h1000v59.7 c0,0-62.1,26.1-94.9,29.3c-32.8,3.3-62.8-12.3-75.8-22.1C806,49.6,745.3,8.7,694.9,4.7S492.4,59,473,67.3z\"\/>\n\t<path class=\"elementor-shape-fill\" opacity=\"0.66\" d=\"M734,67.3c-45.5,0-77.2-23.2-129.1-39.1c-28.6-8.7-150.3-10.1-254,39.1 s-91.7-34.4-149.2,0C115.7,118.3,0,39.8,0,39.8V0h1000v36.5c0,0-28.2-18.5-92.1-18.5C810.2,18.1,775.7,67.3,734,67.3z\"\/>\n\t<path class=\"elementor-shape-fill\" d=\"M766.1,28.9c-200-57.5-266,65.5-395.1,19.5C242,1.8,242,5.4,184.8,20.6C128,35.8,132.3,44.9,89.9,52.5C28.6,63.7,0,0,0,0 h1000c0,0-9.9,40.9-83.6,48.1S829.6,47,766.1,28.9z\"\/>\n<\/svg>\t\t<\/div>\n\t\t<div data-particle_enable=\"false\" data-particle-mobile-disabled=\"false\" class=\"elementor-element elementor-element-2e2ba5f e-con-full e-flex e-con e-child\" data-id=\"2e2ba5f\" data-element_type=\"container\" data-e-type=\"container\">\n\t\t\t\t<div class=\"elementor-element elementor-element-f3118f4 elementor-widget elementor-widget-heading\" data-id=\"f3118f4\" data-element_type=\"widget\" data-e-type=\"widget\" data-widget_type=\"heading.default\">\n\t\t\t\t<div class=\"elementor-widget-container\">\n\t\t\t\t\t<h2 class=\"elementor-heading-title elementor-size-default\">Due Diligence &amp;\nFeasibility<\/h2>\t\t\t\t<\/div>\n\t\t\t\t<\/div>\n\t\t\t\t<\/div>\n\t\t\t\t<\/div>\n\t\t<div data-particle_enable=\"false\" data-particle-mobile-disabled=\"false\" class=\"elementor-element elementor-element-e1d15b1 e-con-full e-flex e-con e-parent\" data-id=\"e1d15b1\" data-element_type=\"container\" data-e-type=\"container\" data-settings=\"{&quot;background_background&quot;:&quot;classic&quot;}\">\n\t\t<div data-particle_enable=\"false\" data-particle-mobile-disabled=\"false\" class=\"elementor-element elementor-element-ca18032 e-con-full e-flex e-con e-child\" data-id=\"ca18032\" data-element_type=\"container\" data-e-type=\"container\">\n\t\t\t\t<div class=\"elementor-element elementor-element-775a761 elementor-widget elementor-widget-heading\" data-id=\"775a761\" data-element_type=\"widget\" data-e-type=\"widget\" data-widget_type=\"heading.default\">\n\t\t\t\t<div class=\"elementor-widget-container\">\n\t\t\t\t\t<h2 class=\"elementor-heading-title elementor-size-default\">N\u00f3s entregamos minuciosa auditoria t\u00e9cnica para identificar riscos e validar o status do projeto em cada fase de desenvolvimento e opera\u00e7\u00e3o e de viabilidade para definir a viabilidade do projecto em desenvolvimento.<\/h2>\t\t\t\t<\/div>\n\t\t\t\t<\/div>\n\t\t\t\t<\/div>\n\t\t\t\t<\/div>\n\t\t<div data-particle_enable=\"false\" data-particle-mobile-disabled=\"false\" class=\"elementor-element elementor-element-99a9238 e-con-full e-flex e-con e-parent\" data-id=\"99a9238\" data-element_type=\"container\" data-e-type=\"container\" data-settings=\"{&quot;background_background&quot;:&quot;classic&quot;,&quot;shape_divider_top&quot;:&quot;mountains&quot;}\">\n\t\t\t\t<div class=\"elementor-shape elementor-shape-top\" aria-hidden=\"true\" data-negative=\"false\">\n\t\t\t<svg xmlns=\"http:\/\/www.w3.org\/2000\/svg\" viewbox=\"0 0 1000 100\" preserveaspectratio=\"none\">\n\t<path class=\"elementor-shape-fill\" opacity=\"0.33\" d=\"M473,67.3c-203.9,88.3-263.1-34-320.3,0C66,119.1,0,59.7,0,59.7V0h1000v59.7 c0,0-62.1,26.1-94.9,29.3c-32.8,3.3-62.8-12.3-75.8-22.1C806,49.6,745.3,8.7,694.9,4.7S492.4,59,473,67.3z\"\/>\n\t<path class=\"elementor-shape-fill\" opacity=\"0.66\" d=\"M734,67.3c-45.5,0-77.2-23.2-129.1-39.1c-28.6-8.7-150.3-10.1-254,39.1 s-91.7-34.4-149.2,0C115.7,118.3,0,39.8,0,39.8V0h1000v36.5c0,0-28.2-18.5-92.1-18.5C810.2,18.1,775.7,67.3,734,67.3z\"\/>\n\t<path class=\"elementor-shape-fill\" d=\"M766.1,28.9c-200-57.5-266,65.5-395.1,19.5C242,1.8,242,5.4,184.8,20.6C128,35.8,132.3,44.9,89.9,52.5C28.6,63.7,0,0,0,0 h1000c0,0-9.9,40.9-83.6,48.1S829.6,47,766.1,28.9z\"\/>\n<\/svg>\t\t<\/div>\n\t\t<div data-particle_enable=\"false\" data-particle-mobile-disabled=\"false\" class=\"elementor-element elementor-element-4f958ed e-con-full e-flex e-con e-child\" data-id=\"4f958ed\" data-element_type=\"container\" data-e-type=\"container\">\n\t\t<div data-particle_enable=\"false\" data-particle-mobile-disabled=\"false\" class=\"elementor-element elementor-element-8baedfc e-con-full e-flex e-con e-child\" data-id=\"8baedfc\" data-element_type=\"container\" data-e-type=\"container\">\n\t\t\t\t<div class=\"elementor-element elementor-element-36163bd elementor-view-framed elementor-shape-circle elementor-widget elementor-widget-icon\" data-id=\"36163bd\" data-element_type=\"widget\" data-e-type=\"widget\" data-widget_type=\"icon.default\">\n\t\t\t\t<div class=\"elementor-widget-container\">\n\t\t\t\t\t\t\t<div class=\"elementor-icon-wrapper\">\n\t\t\t<a class=\"elementor-icon\" href=\"https:\/\/megajoule.pt\/pt\/resource-assesment\/\">\n\t\t\t<i aria-hidden=\"true\" class=\"fas fa-clipboard\"><\/i>\t\t\t<\/a>\n\t\t<\/div>\n\t\t\t\t\t\t<\/div>\n\t\t\t\t<\/div>\n\t\t\t\t<div class=\"elementor-element elementor-element-ad0a1a3 elementor-widget elementor-widget-heading\" data-id=\"ad0a1a3\" data-element_type=\"widget\" data-e-type=\"widget\" data-widget_type=\"heading.default\">\n\t\t\t\t<div class=\"elementor-widget-container\">\n\t\t\t\t\t<h3 class=\"elementor-heading-title elementor-size-default\">Resource Assessment<\/h3>\t\t\t\t<\/div>\n\t\t\t\t<\/div>\n\t\t\t\t<\/div>\n\t\t<div data-particle_enable=\"false\" data-particle-mobile-disabled=\"false\" class=\"elementor-element elementor-element-057dcc6 e-con-full e-flex e-con e-child\" data-id=\"057dcc6\" data-element_type=\"container\" data-e-type=\"container\">\n\t\t\t\t<div class=\"elementor-element elementor-element-7d29728 elementor-view-framed elementor-shape-circle elementor-widget elementor-widget-icon\" data-id=\"7d29728\" data-element_type=\"widget\" data-e-type=\"widget\" data-widget_type=\"icon.default\">\n\t\t\t\t<div class=\"elementor-widget-container\">\n\t\t\t\t\t\t\t<div class=\"elementor-icon-wrapper\">\n\t\t\t<a class=\"elementor-icon\" href=\"https:\/\/megajoule.pt\/pt\/engineering\/\">\n\t\t\t<i aria-hidden=\"true\" class=\"fas fa-wrench\"><\/i>\t\t\t<\/a>\n\t\t<\/div>\n\t\t\t\t\t\t<\/div>\n\t\t\t\t<\/div>\n\t\t\t\t<div class=\"elementor-element elementor-element-986cb1c elementor-widget elementor-widget-heading\" data-id=\"986cb1c\" data-element_type=\"widget\" data-e-type=\"widget\" data-widget_type=\"heading.default\">\n\t\t\t\t<div class=\"elementor-widget-container\">\n\t\t\t\t\t<h3 class=\"elementor-heading-title elementor-size-default\">Engenharia<\/h3>\t\t\t\t<\/div>\n\t\t\t\t<\/div>\n\t\t\t\t<\/div>\n\t\t<div data-particle_enable=\"false\" data-particle-mobile-disabled=\"false\" class=\"elementor-element elementor-element-f4817b8 e-con-full e-flex e-con e-child\" data-id=\"f4817b8\" data-element_type=\"container\" data-e-type=\"container\">\n\t\t\t\t<div class=\"elementor-element elementor-element-0ed41ea elementor-view-framed elementor-shape-circle elementor-widget elementor-widget-icon\" data-id=\"0ed41ea\" data-element_type=\"widget\" data-e-type=\"widget\" data-widget_type=\"icon.default\">\n\t\t\t\t<div class=\"elementor-widget-container\">\n\t\t\t\t\t\t\t<div class=\"elementor-icon-wrapper\">\n\t\t\t<a class=\"elementor-icon\" href=\"https:\/\/megajoule.pt\/pt\/due-diligence\/\">\n\t\t\t<i aria-hidden=\"true\" class=\"fas fa-pencil-ruler\"><\/i>\t\t\t<\/a>\n\t\t<\/div>\n\t\t\t\t\t\t<\/div>\n\t\t\t\t<\/div>\n\t\t\t\t<div class=\"elementor-element elementor-element-3da72b8 elementor-widget elementor-widget-heading\" data-id=\"3da72b8\" data-element_type=\"widget\" data-e-type=\"widget\" data-widget_type=\"heading.default\">\n\t\t\t\t<div class=\"elementor-widget-container\">\n\t\t\t\t\t<h3 class=\"elementor-heading-title elementor-size-default\">Due Diligence &amp;\nFeasibility<\/h3>\t\t\t\t<\/div>\n\t\t\t\t<\/div>\n\t\t\t\t<\/div>\n\t\t<div data-particle_enable=\"false\" data-particle-mobile-disabled=\"false\" class=\"elementor-element elementor-element-b21830c e-con-full e-flex e-con e-child\" data-id=\"b21830c\" data-element_type=\"container\" data-e-type=\"container\">\n\t\t\t\t<div class=\"elementor-element elementor-element-3dab0b8 elementor-view-framed elementor-shape-circle elementor-widget elementor-widget-icon\" data-id=\"3dab0b8\" data-element_type=\"widget\" data-e-type=\"widget\" data-widget_type=\"icon.default\">\n\t\t\t\t<div class=\"elementor-widget-container\">\n\t\t\t\t\t\t\t<div class=\"elementor-icon-wrapper\">\n\t\t\t<a class=\"elementor-icon\" href=\"https:\/\/megajoule.pt\/pt\/operation\/\">\n\t\t\t<i aria-hidden=\"true\" class=\"fas fa-cogs\"><\/i>\t\t\t<\/a>\n\t\t<\/div>\n\t\t\t\t\t\t<\/div>\n\t\t\t\t<\/div>\n\t\t\t\t<div class=\"elementor-element elementor-element-535007b elementor-widget elementor-widget-heading\" data-id=\"535007b\" data-element_type=\"widget\" data-e-type=\"widget\" data-widget_type=\"heading.default\">\n\t\t\t\t<div class=\"elementor-widget-container\">\n\t\t\t\t\t<h3 class=\"elementor-heading-title elementor-size-default\">Opera\u00e7\u00e3o<\/h3>\t\t\t\t<\/div>\n\t\t\t\t<\/div>\n\t\t\t\t<\/div>\n\t\t<div data-particle_enable=\"false\" data-particle-mobile-disabled=\"false\" class=\"elementor-element elementor-element-ff21ee3 e-con-full e-flex e-con e-child\" data-id=\"ff21ee3\" data-element_type=\"container\" data-e-type=\"container\">\n\t\t\t\t<div class=\"elementor-element elementor-element-7ebee63 elementor-view-framed elementor-shape-circle elementor-widget elementor-widget-icon\" data-id=\"7ebee63\" data-element_type=\"widget\" data-e-type=\"widget\" data-widget_type=\"icon.default\">\n\t\t\t\t<div class=\"elementor-widget-container\">\n\t\t\t\t\t\t\t<div class=\"elementor-icon-wrapper\">\n\t\t\t<a class=\"elementor-icon\" href=\"https:\/\/megajoule.pt\/pt\/electricity-markets\/\">\n\t\t\t<i aria-hidden=\"true\" class=\"xlwpf isaxbold-presention-chart\"><\/i>\t\t\t<\/a>\n\t\t<\/div>\n\t\t\t\t\t\t<\/div>\n\t\t\t\t<\/div>\n\t\t\t\t<div class=\"elementor-element elementor-element-bf62f47 elementor-widget elementor-widget-heading\" data-id=\"bf62f47\" data-element_type=\"widget\" data-e-type=\"widget\" data-widget_type=\"heading.default\">\n\t\t\t\t<div class=\"elementor-widget-container\">\n\t\t\t\t\t<h3 class=\"elementor-heading-title elementor-size-default\">Mercados De Electricidade<\/h3>\t\t\t\t<\/div>\n\t\t\t\t<\/div>\n\t\t\t\t<\/div>\n\t\t\t\t<\/div>\n\t\t\t\t<\/div>\n\t\t<div data-particle_enable=\"false\" data-particle-mobile-disabled=\"false\" class=\"elementor-element elementor-element-7c6fd2d e-con-full e-flex e-con e-parent\" data-id=\"7c6fd2d\" data-element_type=\"container\" data-e-type=\"container\" data-settings=\"{&quot;background_background&quot;:&quot;classic&quot;}\">\n\t\t<div data-particle_enable=\"false\" data-particle-mobile-disabled=\"false\" class=\"elementor-element elementor-element-ac18cfc e-con-full e-flex e-con e-child\" data-id=\"ac18cfc\" data-element_type=\"container\" data-e-type=\"container\">\n\t\t<div data-particle_enable=\"false\" data-particle-mobile-disabled=\"false\" class=\"elementor-element elementor-element-682f604 e-con-full e-flex e-con e-child\" data-id=\"682f604\" data-element_type=\"container\" data-e-type=\"container\">\n\t\t\t\t<div class=\"elementor-element elementor-element-2db3660 elementor-widget elementor-widget-heading\" data-id=\"2db3660\" data-element_type=\"widget\" data-e-type=\"widget\" data-widget_type=\"heading.default\">\n\t\t\t\t<div class=\"elementor-widget-container\">\n\t\t\t\t\t<h2 class=\"elementor-heading-title elementor-size-default\">Viabilidade<\/h2>\t\t\t\t<\/div>\n\t\t\t\t<\/div>\n\t\t\t\t<div class=\"elementor-element elementor-element-a2c9a88 elementor-widget elementor-widget-text-editor\" data-id=\"a2c9a88\" data-element_type=\"widget\" data-e-type=\"widget\" data-widget_type=\"text-editor.default\">\n\t\t\t\t<div class=\"elementor-widget-container\">\n\t\t\t\t\t\t\t\t\t<div class=\"vc_row wpb_row section vc_row-fluid vc_inner\"><div class=\"full_section_inner clearfix\"><div class=\"wpb_column vc_column_container vc_col-sm-12\"><div class=\"vc_column-inner\"><div class=\"wpb_wrapper\"><div class=\"wpb_text_column wpb_content_element\"><div class=\"wpb_wrapper\"><p>O termo Prefeasibility (PFES) e Estudo de Viabilidade (FES) relacionadas com a e\u00f3lica\/solar\/BESS projetos de energia \u00e9 utilizado para a avalia\u00e7\u00e3o de um projecto e a sua t\u00e9cnica e financeira sentido. (Pr\u00e9)estudos de Viabilidade considerar os resultados a partir de um recurso e\u00f3lico, solar ou a avalia\u00e7\u00e3o de recursos (preliminar ou completa, dependendo da fase do projecto). Tanto prefeasibility ou um completo estudo de viabilidade precisa para se preparar ou revisar os projetos existentes e analisar e confirmar-los. O marco regulat\u00f3rio do pa\u00eds tamb\u00e9m precisa ser analisado. Al\u00e9m disso, um modelo financeiro precisa ser preparada, que vai definir o CAPEX\/OPEX do projeto e o lucro, fluxo de caixa, VPL, TIR, etc. O escopo exato por projeto tamb\u00e9m depende de entrada do Cliente e pode incluir projetos h\u00edbridos que iria integrar vento + solar + BESS.<\/p><\/div><\/div><\/div><\/div><\/div><\/div><\/div>\t\t\t\t\t\t\t\t<\/div>\n\t\t\t\t<\/div>\n\t\t\t\t<\/div>\n\t\t<div data-particle_enable=\"false\" data-particle-mobile-disabled=\"false\" class=\"elementor-element elementor-element-e127b7d e-con-full e-flex e-con e-child\" data-id=\"e127b7d\" data-element_type=\"container\" data-e-type=\"container\">\n\t\t\t\t<div class=\"elementor-element elementor-element-7929737 elementor-widget elementor-widget-heading\" data-id=\"7929737\" data-element_type=\"widget\" data-e-type=\"widget\" data-widget_type=\"heading.default\">\n\t\t\t\t<div class=\"elementor-widget-container\">\n\t\t\t\t\t<h2 class=\"elementor-heading-title elementor-size-default\">Auditoria T\u00e9cnica<\/h2>\t\t\t\t<\/div>\n\t\t\t\t<\/div>\n\t\t\t\t<div class=\"elementor-element elementor-element-c8cf14a elementor-widget elementor-widget-text-editor\" data-id=\"c8cf14a\" data-element_type=\"widget\" data-e-type=\"widget\" data-widget_type=\"text-editor.default\">\n\t\t\t\t<div class=\"elementor-widget-container\">\n\t\t\t\t\t\t\t\t\t<div class=\"vc_row wpb_row section vc_row-fluid vc_inner\"><div class=\"full_section_inner clearfix\"><div class=\"wpb_column vc_column_container vc_col-sm-12\"><div class=\"vc_column-inner\"><div class=\"wpb_wrapper\"><div class=\"wpb_text_column wpb_content_element\"><div class=\"wpb_wrapper\"><p>A t\u00e9cnica de dilig\u00eancia (TDD) concentra-se em \u00e1reas-chave relacionadas com o desenvolvimento de projeto ou de opera\u00e7\u00e3o no caso de o projeto est\u00e1 em opera\u00e7\u00e3o. Ele consiste de avalia\u00e7\u00e3o de todas as licen\u00e7as (ambientais, de liga\u00e7\u00e3o \u00e0 rede, as licen\u00e7as de constru\u00e7\u00e3o ou de seus predecessores, e outros, dependendo do pa\u00eds), todos os projetos (preliminar, b\u00e1sico, principal ou detalhado), produ\u00e7\u00e3o de energia anual (AEP), visita ao site (se aplic\u00e1vel), todos os contratos para a constru\u00e7\u00e3o de liga\u00e7\u00e3o \u00e0 rede, O&amp;M, PPA, etc.) e neg\u00f3cios\/financeiro de modelos, todos de inspe\u00e7\u00e3o e manuten\u00e7\u00e3o de registos, bem como o hist\u00f3rico de relat\u00f3rios operacionais em caso de funcionamento de um projeto, tudo a partir do ponto de vista t\u00e9cnico. O escopo exato por projeto depende, tamb\u00e9m, sobre a entrada do Cliente em termos do que \u00e9 necess\u00e1rio. Um TDD pode ser preparado para o fornecedor ou para os bancos ou para o projeto de aquisi\u00e7\u00e3o de controle, dependendo das necessidades do Cliente.<\/p><p>Como mencionado acima, due diligence (DD) que oferecemos incluem parques e\u00f3licos, centrais de energia solar ou bateria de armazenamento de energia do sistema (BESS) ou sua combina\u00e7\u00e3o, dependendo do escopo das obras. O DD para projetos em desenvolvimento t\u00eam um maior foco na autoriza\u00e7\u00f5es e do atual estado de desenvolvimento do projecto, bem como a avalia\u00e7\u00e3o de recursos, enquanto que para a operacionaliza\u00e7\u00e3o de projetos h\u00e1 um maior enfoque sobre o status do equipamento e do projeto em si e a forma de opera\u00e7\u00e3o e manuten\u00e7\u00e3o \u00e9 tratada, bem como a compara\u00e7\u00e3o de avalia\u00e7\u00e3o de recursos que foi planejado e o que foi realmente alcan\u00e7ado.<\/p><p>N\u00f3s tamb\u00e9m temos experi\u00eancia e pode fornecer em determinados mercados, um completo DD que pode incluir legais, financeiros e at\u00e9 mesmo de imposto de parte em um \u00e2mbito abrangente oferecida, juntamente com os nossos parceiros.<\/p><\/div><\/div><\/div><\/div><\/div><\/div><\/div>\t\t\t\t\t\t\t\t<\/div>\n\t\t\t\t<\/div>\n\t\t\t\t<\/div>\n\t\t\t\t<\/div>\n\t\t<div data-particle_enable=\"false\" data-particle-mobile-disabled=\"false\" class=\"elementor-element elementor-element-fddae6e e-con-full e-flex e-con e-child\" data-id=\"fddae6e\" data-element_type=\"container\" data-e-type=\"container\">\n\t\t<div data-particle_enable=\"false\" data-particle-mobile-disabled=\"false\" class=\"elementor-element elementor-element-c2e03e7 e-con-full e-flex e-con e-child\" data-id=\"c2e03e7\" data-element_type=\"container\" data-e-type=\"container\" data-settings=\"{&quot;background_background&quot;:&quot;classic&quot;}\">\n\t\t\t\t<\/div>\n\t\t\t\t<\/div>\n\t\t\t\t<\/div>\n\t\t\t\t<\/div>","protected":false},"excerpt":{"rendered":"<p>Due Diligence &amp; Feasibility We deliver thorough technical due diligence to identify risks and validate project status in every phase of development and operation and feasibility to define project viability in development. Resource Assessment Engineering Due Diligence &amp; Feasibility Operation Electricity Markets Feasibility The term Prefeasibility (PFES) and Feasibility Study (FES) related to wind\/solar\/BESS energy projects is used for assessments of a project and its technical and financial sense. (Pre)Feasibility studies consider the results from a wind resource or solar resource assessment (preliminary or a full one, depending on the phase of the project). Both prefeasibility or a full feasibility study needs to prepare or review the existing designs and analyze and confirm them. The regulatory framework of the country also needs to be analyzed. Additionally, a financial model needs to be prepared which will define the basic CAPEX\/OPEX of the project and the income, cash-flow, NPV, IRR etc. The exact scope per project depends also on Client input and it can include hybrid projects which would integrate wind + solar + BESS. Technical Due Diligence The technical due diligence (TDD) focuses on the key areas related to the project development or operation in case the project is in operation. [&hellip;]<\/p>\n","protected":false},"author":1,"featured_media":0,"parent":0,"menu_order":0,"comment_status":"closed","ping_status":"closed","template":"","meta":{"_et_pb_use_builder":"on","_et_pb_old_content":"<!-- wp:divi\/placeholder \/-->","_et_gb_content_width":"","footnotes":""},"class_list":["post-672","page","type-page","status-publish","hentry"],"_links":{"self":[{"href":"https:\/\/megajoule.pt\/pt\/wp-json\/wp\/v2\/pages\/672","targetHints":{"allow":["GET"]}}],"collection":[{"href":"https:\/\/megajoule.pt\/pt\/wp-json\/wp\/v2\/pages"}],"about":[{"href":"https:\/\/megajoule.pt\/pt\/wp-json\/wp\/v2\/types\/page"}],"author":[{"embeddable":true,"href":"https:\/\/megajoule.pt\/pt\/wp-json\/wp\/v2\/users\/1"}],"replies":[{"embeddable":true,"href":"https:\/\/megajoule.pt\/pt\/wp-json\/wp\/v2\/comments?post=672"}],"version-history":[{"count":61,"href":"https:\/\/megajoule.pt\/pt\/wp-json\/wp\/v2\/pages\/672\/revisions"}],"predecessor-version":[{"id":1762,"href":"https:\/\/megajoule.pt\/pt\/wp-json\/wp\/v2\/pages\/672\/revisions\/1762"}],"wp:attachment":[{"href":"https:\/\/megajoule.pt\/pt\/wp-json\/wp\/v2\/media?parent=672"}],"curies":[{"name":"wp","href":"https:\/\/api.w.org\/{rel}","templated":true}]}}